{"id":5,"date":"2022-07-06T16:17:28","date_gmt":"2022-07-06T16:17:28","guid":{"rendered":"https:\/\/bandkritik.de\/?page_id=5"},"modified":"2023-08-15T13:24:10","modified_gmt":"2023-08-15T13:24:10","slug":"warum","status":"publish","type":"page","link":"https:\/\/bandkritik.de\/?page_id=5","title":{"rendered":"Wer + Warum"},"content":{"rendered":"\n<p>Wer?<\/p>\n\n\n\n<p>Horst und Dieter, echte M\u00e4nner im besten Alter, die das Arbeitsleben bereits erfolgreich hinter sich gelassen haben.<\/p>\n\n\n\n<p>Warum?<\/p>\n\n\n\n<p>Keine Ahnung. In unregelm\u00e4ssigen Abst\u00e4nden besuchen Horst und Dieter Konzerte und schreiben dar\u00fcber. Garantiert subjektiv. Nicht jedes geschriebene Wort sollte ernst genommen werden.<\/p>\n\n\n\n<p>Horst Lieblingswort: Tight<\/p>\n\n\n\n<p>Dieters Lieblingswort: steht noch nicht fest<\/p>\n\n\n\n<p><\/p>\n","protected":false},"excerpt":{"rendered":"<p>Wer? Horst und Dieter, echte M\u00e4nner im besten Alter, die das Arbeitsleben bereits erfolgreich hinter sich gelassen haben. Warum? Keine Ahnung. In unregelm\u00e4ssigen Abst\u00e4nden besuchen Horst und Dieter Konzerte und schreiben dar\u00fcber. Garantiert subjektiv. Nicht jedes geschriebene Wort sollte ernst genommen werden. Horst Lieblingswort: Tight Dieters Lieblingswort: steht noch nicht fest<\/p>\n","protected":false},"author":1,"featured_media":0,"parent":0,"menu_order":0,"comment_status":"closed","ping_status":"closed","template":"","meta":{"footnotes":""},"class_list":["post-5","page","type-page","status-publish","hentry"],"_links":{"self":[{"href":"https:\/\/bandkritik.de\/index.php?rest_route=\/wp\/v2\/pages\/5","targetHints":{"allow":["GET"]}}],"collection":[{"href":"https:\/\/bandkritik.de\/index.php?rest_route=\/wp\/v2\/pages"}],"about":[{"href":"https:\/\/bandkritik.de\/index.php?rest_route=\/wp\/v2\/types\/page"}],"author":[{"embeddable":true,"href":"https:\/\/bandkritik.de\/index.php?rest_route=\/wp\/v2\/users\/1"}],"replies":[{"embeddable":true,"href":"https:\/\/bandkritik.de\/index.php?rest_route=%2Fwp%2Fv2%2Fcomments&post=5"}],"version-history":[{"count":2,"href":"https:\/\/bandkritik.de\/index.php?rest_route=\/wp\/v2\/pages\/5\/revisions"}],"predecessor-version":[{"id":69,"href":"https:\/\/bandkritik.de\/index.php?rest_route=\/wp\/v2\/pages\/5\/revisions\/69"}],"wp:attachment":[{"href":"https:\/\/bandkritik.de\/index.php?rest_route=%2Fwp%2Fv2%2Fmedia&parent=5"}],"curies":[{"name":"wp","href":"https:\/\/api.w.org\/{rel}","templated":true}]}}